{"id":16,"date":"2022-03-13T20:27:19","date_gmt":"2022-03-13T20:27:19","guid":{"rendered":"https:\/\/www.talkingpeople.es\/blog\/?page_id=16"},"modified":"2022-06-23T12:03:32","modified_gmt":"2022-06-23T12:03:32","slug":"requests-for-workshops","status":"publish","type":"page","link":"https:\/\/www.talkingpeople.es\/blog\/requests-for-workshops\/","title":{"rendered":"Ideas for Requests (long &#038; short)"},"content":{"rendered":"\n<p>You can post here your ideas or requests for workshops I can design. <br>Pod\u00e9is postear aqu\u00ed vuestras ideas o peticiones de talleres que puedo dise\u00f1ar.<\/p>\n\n\n\n<p>Empiezo con Avanzado y un taller largo, pero puedo crear m\u00e1s, largos, como el de B\u00e1sico que me plantean, y cortos, como para grupos de personas con un inter\u00e9s com\u00fan. Alquilo aula  en Las Lagunas \/ Fuengirola, y puedo ir a lugares para algunos que se tercie.<\/p>\n\n\n\n<ul class=\"wp-block-list\"><li><a rel=\"noreferrer noopener\" href=\"https:\/\/www.talkingpeople.es\/workshops.html\" target=\"_blank\">Long workshops<\/a> are about 7 months: Upcoming Fall 22 <strong>Reading Workshop for Advanced I: Books<\/strong> (the only one I&#8217;m offering now)<\/li><li><a href=\"https:\/\/www.talkingpeople.es\/blog\/4-6-weeks-workshops\/\" data-type=\"page\" data-id=\"174\">Shorter workshops<\/a> are possible too <\/li><\/ul>\n\n\n\n<h2 class=\"wp-block-heading\">IDEAS FOR WORKSHOPS FOR ADVANCED (B2-C2)<\/h2>\n\n\n\n<ul class=\"wp-block-list\" style=\"font-style:normal;font-weight:500\"><li>Reading Workshop for Advanced II: Articles, poems<strong>, <\/strong>short stories. (Particularly for people having done Reading Workshop for Advanced I: Books)<\/li><li>Workshop for Reading Aloud a Book (connecting skills) or working with V\u00eddeos \/ Documentaries \/ TV series \/ Movies\/Films, or A workshop based on using a book\/movie\/documentary&#8230; you\/ a group of people like<\/li><li>Workshop on listening and speaking techniques and strategies \/ Creating podcast episodes and videos on what we like!<\/li><li>Writing &amp; Creative Writing Workshop \/ Creating &amp; Writing a magazine<\/li><li>Workshop on Lexical Creativity and Wordformation<\/li><li>Workshop on English-speaking writers (various countries and times)<\/li><li>Workshop on American Indian writers and activists<\/li><li>Workshop Black writers and activists<\/li><li>Two friends having fun: Art &amp; Writing. Leonora Carrignton, Remedios Varo and Surrealist Games<\/li><li>Workshop on Human Rights &amp; Social Movements<\/li><li>Workshops on Developing a Feminist Intelligence (Education for Equality, <em>Coeducaci\u00f3n<\/em>)<\/li><li>Workshop on Art, dreams and poems<\/li><li>Workshop on an author on talkingpeople.net &gt; Literature \/ The World<\/li><li>Workshop for Travel Projects<\/li><li>&#8230;<\/li><\/ul>\n\n\n\n<p><\/p>\n\n\n\n<h2 class=\"wp-block-heading\">IDEA PARA TALLER DE B\u00c1SICO\/PRE-INTERMEDIO (A2-B1)<\/h2>\n\n\n\n<p><a href=\"https:\/\/www.talkingpeople.es\/blog\/2022\/05\/09\/borrador-de-flyer-para-basico-intermedio\/\">Borrador Flyer taller Jobs 1<\/a> and <a href=\"https:\/\/www.talkingpeople.es\/blog\/2022\/03\/29\/taller-basico-a-b1-trabajos\/\">Idea taller B\u00e1sico\/Intermedio<\/a><\/p>\n\n\n\n<p>HOJA DE RUTA PARA MONTAR UN TALLER A2-B1 PARA OCT 2022<\/p>\n\n\n\n<p>Con la gu\u00eda de c\u00f3mo trabajar con audios (listen and repeat) durante la semana para luego hablar y escuchar al resto en el taller, y recibir feedback, resolver dudas, y practicar en interacciones o con ejercicios de situaciones reales, pienso que a las personas que quieren empezar desde B\u00e1sico para poder manejarse a nivel A2 o B1 luego en la vida real, en el \u00e1mbito laboral, podr\u00eda interesarle lo siguiente:<\/p>\n\n\n\n<p>Ejemplos de cosas as\u00ed en mi blog de B\u00e1sico 1. Descargar documento Funciones del Lenguaje.<\/p>\n\n\n\n<ul class=\"wp-block-list\"><li>Entrenamiento intensivo en decir c\u00f3mo escriben nombres, direcciones f\u00edsicas, de correo, palabras.<\/li><li>Entrenamiento intensivo en el mundo de los n\u00fameros: precios, tel\u00e9fonos, n\u00fameros de supuestas tarjetas, c\u00f3digos postales, etc.<\/li><li>Entrenamiento en poder hablar de temas generales propios (mon\u00f3logos): sobre m\u00ed, sobre mi gente, sobre mi lugar, etc.<\/li><li>Situaciones. Entrenamiento en frases para conversaciones breves generales (socializaci\u00f3n): saludos en diferentes situaciones, dar las gracias, felicitar,<\/li><li>Situaciones. M\u00e1s entrenamiento en di\u00e1logos por funciones del lenguaje: pedir cosas, ofrecer cosas, aclarar, preguntar, dar informaci\u00f3n, pedir informaci\u00f3n, consejo, etc.<\/li><li>Entrenamiento en frases t\u00edpicas en los trabajos de quienes asistan al taller: aqu\u00ed podr\u00edamos elaborar los audios a medida y publicarlos en el Talking People Podcast, como hac\u00eda ya en la p\u00fablica seg\u00fan detectaba necesidades en el aula. Elaboramos listas de <a href=\"https:\/\/blogforbasico1.wordpress.com\/handouts\/\" data-type=\"URL\" data-id=\"https:\/\/blogforbasico1.wordpress.com\/handouts\/\">Useful Language<\/a> para tal o cual situaci\u00f3n y funci\u00f3n del lenguaje.<\/li><\/ul>\n\n\n\n<p>We could create podcast episodes with audios useful for the people coming to the workshop. See examples on the Talking People Podcast, <a rel=\"noreferrer noopener\" href=\"https:\/\/www.talkingpeople.net\/tppodcast\/category\/elementary\/\" target=\"_blank\">Elementary<\/a>, <a rel=\"noreferrer noopener\" href=\"https:\/\/www.talkingpeople.net\/tppodcast\/category\/travel-phrasebook\/\" target=\"_blank\">Travel Phrasebook<\/a>! (Ver m\u00e1s abajo)<\/p>\n\n\n\n<p><\/p>\n","protected":false},"excerpt":{"rendered":"<p>You can post here your ideas or requests for workshops I can design. Pod\u00e9is postear aqu\u00ed vuestras ideas o peticiones de talleres que puedo dise\u00f1ar. Empiezo con Avanzado y un taller largo, pero puedo crear m\u00e1s, largos, como el de &hellip; <a href=\"https:\/\/www.talkingpeople.es\/blog\/requests-for-workshops\/\">Continue reading <span class=\"meta-nav\">&rarr;<\/span><\/a><\/p>\n","protected":false},"author":1,"featured_media":0,"parent":0,"menu_order":0,"comment_status":"closed","ping_status":"closed","template":"","meta":{"footnotes":""},"class_list":["post-16","page","type-page","status-publish","hentry"],"_links":{"self":[{"href":"https:\/\/www.talkingpeople.es\/blog\/wp-json\/wp\/v2\/pages\/16","targetHints":{"allow":["GET"]}}],"collection":[{"href":"https:\/\/www.talkingpeople.es\/blog\/wp-json\/wp\/v2\/pages"}],"about":[{"href":"https:\/\/www.talkingpeople.es\/blog\/wp-json\/wp\/v2\/types\/page"}],"author":[{"embeddable":true,"href":"https:\/\/www.talkingpeople.es\/blog\/wp-json\/wp\/v2\/users\/1"}],"replies":[{"embeddable":true,"href":"https:\/\/www.talkingpeople.es\/blog\/wp-json\/wp\/v2\/comments?post=16"}],"version-history":[{"count":30,"href":"https:\/\/www.talkingpeople.es\/blog\/wp-json\/wp\/v2\/pages\/16\/revisions"}],"predecessor-version":[{"id":195,"href":"https:\/\/www.talkingpeople.es\/blog\/wp-json\/wp\/v2\/pages\/16\/revisions\/195"}],"wp:attachment":[{"href":"https:\/\/www.talkingpeople.es\/blog\/wp-json\/wp\/v2\/media?parent=16"}],"curies":[{"name":"wp","href":"https:\/\/api.w.org\/{rel}","templated":true}]}}